{"id":988254,"date":"2023-11-05T17:38:01","date_gmt":"2023-11-05T16:38:01","guid":{"rendered":"https:\/\/acasaditina.it\/cookie-policy\/"},"modified":"2024-02-22T15:16:57","modified_gmt":"2024-02-22T14:16:57","slug":"cookie-policy","status":"publish","type":"page","link":"https:\/\/acasaditina.it\/en\/cookie-policy\/","title":{"rendered":"Cookie Policy"},"content":{"rendered":"<div class=\"vgblk-rw-wrapper limit-wrapper\">\r\n\r\n\t<h2>Titolare del Trattamento dei Dati<\/h2>\r\n<p>Titolare del trattamento \u00e8 &#8220;A Casa di Tina&#8221; con sede in Via San Giovanni 17, 22040 Lurago D&#8217;Erba (CO), in persona del legale rappresentante. Per qualunque comunicazione relativa al trattamento dei dati utilizzo dei cookies svolto dal Titolare, l&#8217;interessato pu\u00f2 rivolgersi al Responsabile del trattamento dati personali all&#8217;indirizzo segnalato &#8211; o via email all&#8217;indirizzo info@acasaditina.it. Al fine di venire a conoscenza di variazioni o modifiche nelle policies relative alla privacy eseguite dal Titolare dovute, in via principale, a mutamenti normativi, \u00e8 opportuno che l&#8217;utente consulti costantemente il presente documento.<\/p>\r\n<h2>Informazioni sui cookie<\/h2>\r\n<p>Il sito <b>acasaditina.it<\/b>, d&#8217;ora in avanti indicato come <b>Sito<\/b>, utilizza tutti i tipi di cookie richiamati di seguito, anche per migliorare l&#8217;esperienza utente e i contenuti offerti, nonch\u00e9 per comprendere come gli utenti navigano il sito.<\/p>\r\n<p>I cookie sono piccoli file di testo che i siti visitati dall&#8217;utente inviano e registrano sul suo computer o dispositivo mobile, per essere poi ritrasmessi agli stessi siti alla successiva visita. Proprio grazie ai cookie il sito ricorda le azioni e preferenze dell&#8217;utente (come, ad esempio, i dati di login, la lingua prescelta, le dimensioni dei caratteri, altre impostazioni di visualizzazione, ecc.) in modo che non debbano essere indicate nuovamente quando l&#8217;utente torni a visitare detto sito o navighi da una pagina all&#8217;altra di esso. I cookie, quindi, sono usati per eseguire autenticazioni informatiche, monitoraggio di sessioni e memorizzazione di informazioni riguardanti le attivit\u00e0 degli utenti che accedono ad un sito e possono contenere anche un codice identificativo unico che consente di tenere traccia della navigazione dell&#8217;utente all&#8217;interno del sito stesso per finalit\u00e0 statistiche o pubblicitarie. Nel corso della navigazione su un sito, l&#8217;utente pu\u00f2 ricevere sul suo computer o dispositivo mobile anche cookie di siti o di web server diversi da quello che sta visitando (c.d. cookie di &#8220;terze parti&#8221;). Alcune operazioni non potrebbero essere compiute senza l&#8217;uso dei cookie, che in certi casi sono quindi tecnicamente necessari per lo stesso funzionamento del sito.<\/p>\r\nEsistono vari tipi di cookie, a seconda delle loro caratteristiche e funzioni, e questi possono rimanere nel computer o dispositivo mobile dell&#8217;utente per periodi di tempo diversi: c.d. cookie di sessione, che viene automaticamente cancellato alla chiusura del browser; c.d. cookie persistenti, che permangono sull&#8217;apparecchiatura dell&#8217;utente fino ad una scadenza prestabilita.<br \/>\r\nIn base alla normativa vigente in Italia, per l&#8217;utilizzo dei cookie non sempre \u00e8 richiesto un espresso consenso dell&#8217;utente. In particolare, non richiedono tale consenso i cookie c.d. &#8220;tecnici&#8221;, cio\u00e8 quelli utilizzati al solo fine di effettuare la trasmissione di una comunicazione su una rete di comunicazione elettronica, o nella misura strettamente necessaria per erogare un servizio esplicitamente richiesto dall&#8217;utente. Si tratta, in altre parole, di cookie indispensabili per il funzionamento del sito o necessari per eseguire attivit\u00e0 richieste dall&#8217;utente.\r\n<p>Tra i cookie tecnici, che <em>non<\/em> richiedono un consenso espresso per il loro utilizzo, il Garante per la protezione dei dati personali italiano (cfr. Prov. Gen. &#8220;<a href=\"http:\/\/www.garanteprivacy.it\/web\/guest\/home\/docweb\/-\/docweb-display\/docweb\/3118884\">Individuazione delle modalit\u00e0 semplificate per l&#8217;informativa e l&#8217;acquisizione del consenso per l&#8217;uso dei cookie &#8211; 8 maggio 2014<\/a>&#8220;) ricomprende anche:<\/p>\r\n<ul>\r\n<li>i &#8220;cookie analytics&#8221; laddove utilizzati direttamente dal gestore del sito per raccogliere informazioni, in forma aggregata, sul numero degli utenti e su come questi visitano il sito stesso,<\/li>\r\n<li>i cookie di navigazione o di sessione (per autenticarsi, per realizzare un acquisto, ecc.),<\/li>\r\n<li>i cookie di funzionalit\u00e0, che permettono all&#8217;utente la navigazione in funzione di una serie di criteri selezionati (ad esempio, la lingua, i prodotti selezionati per l&#8217;acquisto) al fine di migliorare il servizio reso allo stesso.<\/li>\r\n<\/ul>\r\n<p>Per i cookie cc.dd. di profilazione, viceversa, cio\u00e8 quelli volti a creare profili relativi all&#8217;utente e utilizzati al fine di inviare messaggi pubblicitari in linea con le preferenze manifestate dallo stesso nell&#8217;ambito della navigazione in rete, \u00e8 richiesto un preventivo consenso dell&#8217;utente.<\/p>\r\n<p>In particolare, il Sito utilizza:<\/p>\r\n<ul>\r\n<li><strong>Cookie tecnici<\/strong>, cio\u00e8 di navigazione o sessione e strettamente necessari per il funzionamento del sito o per consentire all&#8217;utente di usufruire dei contenuti e dei servizi da questi richiesti.<\/li>\r\n<li><strong>Cookie analytics<\/strong>, che consentono di comprendere come il sito viene utilizzato dagli utenti. Con questi cookie non vengono raccolte informazioni sull&#8217;identit\u00e0 dell&#8217;utente, n\u00e9 alcun dato personale. Le informazioni sono trattate in forma aggregata ed anonima.<\/li>\r\n<li><strong>Cookie di funzionalit\u00e0<\/strong>, cio\u00e8 utilizzati per attivare specifiche funzionalit\u00e0 del sito e una serie di criteri selezionati (ad esempio, la lingua, i prodotti selezionati per l&#8217;acquisto) al fine di migliorare il servizio reso.<\/li>\r\n<li><strong>Cookie di terze parti<\/strong>, cio\u00e8 cookie di siti o di web server diversi da quello del <strong>Sito<\/strong>, utilizzati per finalit\u00e0 proprie di dette parti terze.<br \/>\r\nRelativamente ai cookie di terze parti, trattasi di cookie di siti o di web server diversi da quello del <strong>Sito<\/strong>, utilizzati per finalit\u00e0 proprie di dette parti terze. Su detti soggetti e i relativi cookie il Titolare del trattamento non \u00e8 in grado di esercitare uno specifico controllo. Per ottenere informazioni su detti cookie e sulle loro caratteristiche e modalit\u00e0 di funzionamento e prestare il relativo consenso specifico utilizzare i link presenti nella tabella dei cookie sotto riportata o rivolgersi direttamente a dette parti terze. L&#8217;utilizzo di cookie di terze parti pu\u00f2 normalmente essere inibito dall&#8217;utente attraverso un&#8217;apposita opzione presente nel proprio programma di navigazione (browser): in merito si vedano le indicazioni sotto riportate.<\/li>\r\n<li><strong>Cookie di profilazione<\/strong>, anche di terze parti, cio\u00e8 cookie volti a creare profili relativi all&#8217;utente e utilizzati al fine di inviare messaggi pubblicitari in linea con le preferenze manifestate dallo stesso nell&#8217;ambito della sua navigazione in rete.<\/li>\r\n<\/ul>\r\n<p>Nel dettaglio, i cookie presenti in questo <strong>Sito<\/strong> sono i seguenti:<\/p>\r\n<p><strong>Le informazioni ottenute dal Titolare mediante i cookie non vengono usate per identificare gli utenti. I cookie non sono utilizzati per finalit\u00e0 diverse da quelle sopra descritte.<\/strong><\/p>\r\n<p>Maggiori informazioni e dettagli sui vari tipi di cookie, le loro modalit\u00e0 di funzionamento e caratteristiche sono reperibili sul sito ad accesso libero, indipendente dal Titolare, <a href=\"http:\/\/www.AllAboutCookies.org\">www.AllAboutCookies.org<\/a>.<\/p>\r\n<h3>Modalit\u00e0 di disabilitazione dei cookies<\/h3>\r\n<p>La maggioranza dei browser internet sono inizialmente impostati per accettare i cookies in modo automatico. L&#8217;utente pu\u00f2 modificare queste impostazioni per bloccare i cookies o per avvertire che dei cookies vengono mandati al dispositivo dell&#8217;utente medesimo. Esistono vari modi per gestire i cookies. L&#8217;utente pu\u00f2 fare riferimento al manuale d&#8217;istruzioni o alla schermata di aiuto del suo browser per scoprire come regolare o modificare le impostazioni del proprio browser.<\/p>\r\n<a href=\"https:\/\/support.google.com\/accounts\/answer\/61416?hl=it\">Chrome<\/a><br \/>\r\n<a href=\"https:\/\/support.mozilla.org\/it\/kb\/Attivare%20e%20disattivare%20i%20cookie\"> Firefox<\/a><br \/>\r\n<a href=\"http:\/\/windows.microsoft.com\/it-it\/windows7\/block-enable-or-allow-cookies\"> Internet Explorer<\/a><br \/>\r\n<a href=\"http:\/\/help.opera.com\/Windows\/10.00\/it\/cookies.html\">Opera<\/a><br \/>\r\n<a href=\"https:\/\/www.apple.com\/legal\/privacy\/it\/cookies\/\">Safari<\/a>\r\nIn caso di dispositivi diversi (per esempio, computer, smartphone, tablet, ecc.), l&#8217;utente dovr\u00e0 assicurarsi che ciascun browser su ogni dispositivo sia regolato per riflettere le proprie preferenze relative ai cookies. <strong><br \/>\r\n<\/strong>\r\n<h3>Diritti degli interessati<\/h3>\r\n<p>Il Titolare rende noto che il D.Lgs. 196\/03, conferisce agli interessati del trattamento che forniscono i propri dati personali specifici diritti. In particolare, l&#8217;utente pu\u00f2 ottenere dal titolare o dall&#8217;eventuale responsabile la conferma dell&#8217;esistenza o meno di propri dati personali e che tali dati vengano messi a sua disposizione in forma intelligibile. L&#8217;interessato pu\u00f2 altres\u00ec chiedere di conoscere l&#8217;origine dei dati nonch\u00e9 la logica e le finalit\u00e0 su cui si basa il trattamento; ottenere la cancellazione, la trasformazione in forma anonima o il blocco dei dati trattati in violazione di legge nonch\u00e9 l&#8217;aggiornamento, la rettifica o, se sussiste interesse, l&#8217;integrazione dei dati; opporsi, per motivi legittimi, al trattamento stesso.<\/p>\r\n<p><strong>ATTENZIONE.<\/strong> Si informa l&#8217;utente che inibire i cookie tecnici potrebbe comportare l&#8217;impossibilit\u00e0 di utilizzare il sito, visionare i suoi contenuti ed usufruire dei relativi servizi. Inibire i cookie di funzionalit\u00e0 potrebbe comportare che alcuni servizi o determinate funzioni del sito non siano disponibili o non funzionino correttamente e l&#8217;utente potrebbe essere costretto a modificare o a inserire manualmente alcune informazioni o preferenze ogni volta che visiter\u00e0 il sito.<\/p>\r\n\r\n<\/div><!-- .vgblk-rw-wrapper -->","protected":false},"excerpt":{"rendered":"<p>Titolare del Trattamento dei Dati Titolare del trattamento \u00e8 &#8220;A Casa di Tina&#8221; con sede in Via San Giovanni 17, 22040 Lurago D&#8217;Erba (CO), in persona del legale rappresentante. Per qualunque comunicazione relativa al trattamento dei dati utilizzo dei cookies svolto dal Titolare, l&#8217;interessato pu\u00f2 rivolgersi al Responsabile del trattamento dati personali all&#8217;indirizzo segnalato &#8211;&#8230;<\/p>\n","protected":false},"author":1,"featured_media":0,"parent":0,"menu_order":0,"comment_status":"closed","ping_status":"closed","template":"","meta":{"inline_featured_image":false,"footnotes":""},"class_list":["post-988254","page","type-page","status-publish","hentry"],"yoast_head":"<!-- This site is optimized with the Yoast SEO plugin v25.6 - https:\/\/yoast.com\/wordpress\/plugins\/seo\/ -->\n<title>Cookie Policy - a Casa di Tina<\/title>\n<meta name=\"robots\" content=\"index, follow, max-snippet:-1, max-image-preview:large, max-video-preview:-1\" \/>\n<link rel=\"canonical\" href=\"https:\/\/acasaditina.it\/en\/cookie-policy\/\" \/>\n<meta property=\"og:locale\" content=\"en_US\" \/>\n<meta property=\"og:type\" content=\"article\" \/>\n<meta property=\"og:title\" content=\"Cookie Policy - a Casa di Tina\" \/>\n<meta property=\"og:description\" content=\"Titolare del Trattamento dei Dati Titolare del trattamento \u00e8 &#8220;A Casa di Tina&#8221; con sede in Via San Giovanni 17, 22040 Lurago D&#8217;Erba (CO), in persona del legale rappresentante. Per qualunque comunicazione relativa al trattamento dei dati utilizzo dei cookies svolto dal Titolare, l&#8217;interessato pu\u00f2 rivolgersi al Responsabile del trattamento dati personali all&#8217;indirizzo segnalato &#8211;...\" \/>\n<meta property=\"og:url\" content=\"https:\/\/acasaditina.it\/en\/cookie-policy\/\" \/>\n<meta property=\"og:site_name\" content=\"a Casa di Tina\" \/>\n<meta property=\"article:modified_time\" content=\"2024-02-22T14:16:57+00:00\" \/>\n<meta name=\"twitter:card\" content=\"summary_large_image\" \/>\n<meta name=\"twitter:label1\" content=\"Est. reading time\" \/>\n\t<meta name=\"twitter:data1\" content=\"6 minutes\" \/>\n<script type=\"application\/ld+json\" class=\"yoast-schema-graph\">{\"@context\":\"https:\/\/schema.org\",\"@graph\":[{\"@type\":\"WebPage\",\"@id\":\"https:\/\/acasaditina.it\/en\/cookie-policy\/\",\"url\":\"https:\/\/acasaditina.it\/en\/cookie-policy\/\",\"name\":\"Cookie Policy - a Casa di Tina\",\"isPartOf\":{\"@id\":\"https:\/\/acasaditina.it\/#website\"},\"datePublished\":\"2023-11-05T16:38:01+00:00\",\"dateModified\":\"2024-02-22T14:16:57+00:00\",\"breadcrumb\":{\"@id\":\"https:\/\/acasaditina.it\/en\/cookie-policy\/#breadcrumb\"},\"inLanguage\":\"en-US\",\"potentialAction\":[{\"@type\":\"ReadAction\",\"target\":[\"https:\/\/acasaditina.it\/en\/cookie-policy\/\"]}]},{\"@type\":\"BreadcrumbList\",\"@id\":\"https:\/\/acasaditina.it\/en\/cookie-policy\/#breadcrumb\",\"itemListElement\":[{\"@type\":\"ListItem\",\"position\":1,\"name\":\"Home\",\"item\":\"https:\/\/acasaditina.it\/en\/homepage\/\"},{\"@type\":\"ListItem\",\"position\":2,\"name\":\"Cookie Policy\"}]},{\"@type\":\"WebSite\",\"@id\":\"https:\/\/acasaditina.it\/#website\",\"url\":\"https:\/\/acasaditina.it\/\",\"name\":\"a Casa di Tina\",\"description\":\"Casa per vacanze immersa nel verde della natura del Parco Valle Lambro in Brianza\",\"publisher\":{\"@id\":\"https:\/\/acasaditina.it\/#organization\"},\"potentialAction\":[{\"@type\":\"SearchAction\",\"target\":{\"@type\":\"EntryPoint\",\"urlTemplate\":\"https:\/\/acasaditina.it\/?s={search_term_string}\"},\"query-input\":{\"@type\":\"PropertyValueSpecification\",\"valueRequired\":true,\"valueName\":\"search_term_string\"}}],\"inLanguage\":\"en-US\"},{\"@type\":\"Organization\",\"@id\":\"https:\/\/acasaditina.it\/#organization\",\"name\":\"a Casa di Tina\",\"url\":\"https:\/\/acasaditina.it\/\",\"logo\":{\"@type\":\"ImageObject\",\"inLanguage\":\"en-US\",\"@id\":\"https:\/\/acasaditina.it\/#\/schema\/logo\/image\/\",\"url\":\"https:\/\/acasaditina.it\/wp-content\/uploads\/2015\/08\/logo_a_casa_di_tina.png\",\"contentUrl\":\"https:\/\/acasaditina.it\/wp-content\/uploads\/2015\/08\/logo_a_casa_di_tina.png\",\"width\":1099,\"height\":676,\"caption\":\"a Casa di Tina\"},\"image\":{\"@id\":\"https:\/\/acasaditina.it\/#\/schema\/logo\/image\/\"}}]}<\/script>\n<!-- \/ Yoast SEO plugin. -->","yoast_head_json":{"title":"Cookie Policy - a Casa di Tina","robots":{"index":"index","follow":"follow","max-snippet":"max-snippet:-1","max-image-preview":"max-image-preview:large","max-video-preview":"max-video-preview:-1"},"canonical":"https:\/\/acasaditina.it\/en\/cookie-policy\/","og_locale":"en_US","og_type":"article","og_title":"Cookie Policy - a Casa di Tina","og_description":"Titolare del Trattamento dei Dati Titolare del trattamento \u00e8 &#8220;A Casa di Tina&#8221; con sede in Via San Giovanni 17, 22040 Lurago D&#8217;Erba (CO), in persona del legale rappresentante. Per qualunque comunicazione relativa al trattamento dei dati utilizzo dei cookies svolto dal Titolare, l&#8217;interessato pu\u00f2 rivolgersi al Responsabile del trattamento dati personali all&#8217;indirizzo segnalato &#8211;...","og_url":"https:\/\/acasaditina.it\/en\/cookie-policy\/","og_site_name":"a Casa di Tina","article_modified_time":"2024-02-22T14:16:57+00:00","twitter_card":"summary_large_image","twitter_misc":{"Est. reading time":"6 minutes"},"schema":{"@context":"https:\/\/schema.org","@graph":[{"@type":"WebPage","@id":"https:\/\/acasaditina.it\/en\/cookie-policy\/","url":"https:\/\/acasaditina.it\/en\/cookie-policy\/","name":"Cookie Policy - a Casa di Tina","isPartOf":{"@id":"https:\/\/acasaditina.it\/#website"},"datePublished":"2023-11-05T16:38:01+00:00","dateModified":"2024-02-22T14:16:57+00:00","breadcrumb":{"@id":"https:\/\/acasaditina.it\/en\/cookie-policy\/#breadcrumb"},"inLanguage":"en-US","potentialAction":[{"@type":"ReadAction","target":["https:\/\/acasaditina.it\/en\/cookie-policy\/"]}]},{"@type":"BreadcrumbList","@id":"https:\/\/acasaditina.it\/en\/cookie-policy\/#breadcrumb","itemListElement":[{"@type":"ListItem","position":1,"name":"Home","item":"https:\/\/acasaditina.it\/en\/homepage\/"},{"@type":"ListItem","position":2,"name":"Cookie Policy"}]},{"@type":"WebSite","@id":"https:\/\/acasaditina.it\/#website","url":"https:\/\/acasaditina.it\/","name":"a Casa di Tina","description":"Casa per vacanze immersa nel verde della natura del Parco Valle Lambro in Brianza","publisher":{"@id":"https:\/\/acasaditina.it\/#organization"},"potentialAction":[{"@type":"SearchAction","target":{"@type":"EntryPoint","urlTemplate":"https:\/\/acasaditina.it\/?s={search_term_string}"},"query-input":{"@type":"PropertyValueSpecification","valueRequired":true,"valueName":"search_term_string"}}],"inLanguage":"en-US"},{"@type":"Organization","@id":"https:\/\/acasaditina.it\/#organization","name":"a Casa di Tina","url":"https:\/\/acasaditina.it\/","logo":{"@type":"ImageObject","inLanguage":"en-US","@id":"https:\/\/acasaditina.it\/#\/schema\/logo\/image\/","url":"https:\/\/acasaditina.it\/wp-content\/uploads\/2015\/08\/logo_a_casa_di_tina.png","contentUrl":"https:\/\/acasaditina.it\/wp-content\/uploads\/2015\/08\/logo_a_casa_di_tina.png","width":1099,"height":676,"caption":"a Casa di Tina"},"image":{"@id":"https:\/\/acasaditina.it\/#\/schema\/logo\/image\/"}}]}},"_links":{"self":[{"href":"https:\/\/acasaditina.it\/en\/wp-json\/wp\/v2\/pages\/988254","targetHints":{"allow":["GET"]}}],"collection":[{"href":"https:\/\/acasaditina.it\/en\/wp-json\/wp\/v2\/pages"}],"about":[{"href":"https:\/\/acasaditina.it\/en\/wp-json\/wp\/v2\/types\/page"}],"author":[{"embeddable":true,"href":"https:\/\/acasaditina.it\/en\/wp-json\/wp\/v2\/users\/1"}],"replies":[{"embeddable":true,"href":"https:\/\/acasaditina.it\/en\/wp-json\/wp\/v2\/comments?post=988254"}],"version-history":[{"count":1,"href":"https:\/\/acasaditina.it\/en\/wp-json\/wp\/v2\/pages\/988254\/revisions"}],"predecessor-version":[{"id":988256,"href":"https:\/\/acasaditina.it\/en\/wp-json\/wp\/v2\/pages\/988254\/revisions\/988256"}],"wp:attachment":[{"href":"https:\/\/acasaditina.it\/en\/wp-json\/wp\/v2\/media?parent=988254"}],"curies":[{"name":"wp","href":"https:\/\/api.w.org\/{rel}","templated":true}]}}